{"id":1116,"date":"2025-02-12T15:10:16","date_gmt":"2025-02-12T13:10:16","guid":{"rendered":"https:\/\/kbostermelo.hu\/?page_id=1116"},"modified":"2025-02-13T09:48:31","modified_gmt":"2025-02-13T07:48:31","slug":"gy-i-k","status":"publish","type":"page","link":"https:\/\/kbostermelo.hu\/?page_id=1116","title":{"rendered":"GYIK"},"content":{"rendered":"\n<div class=\"wp-block-group alignfull has-gradient-4-gradient-background has-background has-global-padding is-layout-constrained wp-block-group-is-layout-constrained\">\n<h2 class=\"wp-block-heading\"><strong>\u00c1ltal\u00e1nos k\u00e9rd\u00e9sek<\/strong><\/h2>\n\n\n\n<p><strong>1. Mi az a CSA, \u00e9s hogyan m\u0171k\u00f6dik?<\/strong><br>A CSA (Community Supported Agriculture) egy olyan rendszer, ahol a tagok el\u0151re befizetnek a szezonra, cser\u00e9be pedig friss, szezon\u00e1lis z\u00f6lds\u00e9geket kapnak k\u00f6zvetlen\u00fcl a termel\u0151t\u0151l. Ez kisz\u00e1m\u00edthat\u00f3s\u00e1got biztos\u00edt a gazdas\u00e1gnak \u00e9s friss, helyi \u00e9lelmiszereket a tagoknak.<\/p>\n\n\n\n<p><strong>2. Milyen z\u00f6lds\u00e9geket kapok a szezon sor\u00e1n?<\/strong><br>A szezon\u00e1lis k\u00edn\u00e1lat v\u00e1ltozik, de tavasszal f\u0151k\u00e9nt sal\u00e1t\u00e1k, retek \u00e9s \u00fajhagyma, ny\u00e1ron paradicsom, paprika \u00e9s uborka, \u0151sszel pedig hagymaf\u00e9l\u00e9k, k\u00e1posztaf\u00e9l\u00e9k \u00e9s gy\u00f6k\u00e9rz\u00f6lds\u00e9gek ker\u00fclnek a kos\u00e1rba.<br>A r\u00e9szletes tervek miatt keress minket a megadott el\u00e9rhet\u0151s\u00e9gek egyik\u00e9n!<\/p>\n\n\n\n<p><strong>3. Kaphatok-e konkr\u00e9t z\u00f6lds\u00e9geket a kos\u00e1rba?<\/strong><br>A kosarak tartalm\u00e1t mindig az adott szezon \u00e9s term\u00e9shozam hat\u00e1rozza meg, ami pedig a tagok k\u00f6z\u00f6tt oszlik meg egyenl\u0151en, ez\u00e9rt egyedi k\u00e9r\u00e9sekre \u00e1ltal\u00e1ban nincs lehet\u0151s\u00e9g. Ha valamit nem tudsz felhaszn\u00e1lni, \u00e9rdemes m\u00e1s tagokkal cser\u00e9lni vagy elosztani a csal\u00e1dban ismer\u0151s\u00f6k k\u00f6z\u00f6tt.<\/p>\n<\/div>\n\n\n\n<div class=\"wp-block-group alignfull has-gradient-4-gradient-background has-background has-global-padding is-layout-constrained wp-block-group-is-layout-constrained\">\n<h2 class=\"wp-block-heading\"><strong>Fizet\u00e9s \u00e9s tags\u00e1g<\/strong><\/h2>\n\n\n\n<p><strong>4. Hogyan tudok csatlakozni a CSA-hoz?<\/strong><br>Egyszer\u0171en t\u00f6ltsd ki a jelentkez\u00e9si \u0171rlapot a <a href=\"https:\/\/kbostermelo.hu\/?page_id=988\" data-type=\"page\" data-id=\"988\">weboldalon<\/a>, v\u00e1laszd ki a megfelel\u0151 csomagot, \u00e9s mi felvessz\u00fck a Veled a kapcsolatot. Megbesz\u00e9l\u00e9s ut\u00e1n \u00edr\u00e1sban is r\u00f6gz\u00edtj\u00fck a sz\u00e1nd\u00e9kunkat, majd a befizet\u00e9st k\u00f6vet\u0151en v\u00e1rhatod az els\u0151 kosarat! R\u00e9szletes inform\u00e1ci\u00f3\u00e9rt keress minket a megadott el\u00e9rhet\u0151s\u00e9gek egyik\u00e9n!<\/p>\n\n\n\n<p><strong>5. Milyen kosarak vannak \u00e9s mennyibe ker\u00fclnek?<\/strong><br>Csal\u00e1di kosarunk 3-5 f\u0151 heti z\u00f6lds\u00e9g fogyaszt\u00e1s\u00e1t fedezi, P\u00e1ros kosarunk pedig a kisebb h\u00e1ztart\u00e1sokra van m\u00e9retezve.<\/p>\n\n\n\n<p>B\u0151vebb inform\u00e1ci\u00f3t \u00e9s \u00e1rakat <a href=\"https:\/\/kbostermelo.hu\/?page_id=988\" data-type=\"page\" data-id=\"988\">ide kattintva<\/a> tal\u00e1lhatsz vagy keress minket a megadott el\u00e9rhet\u0151s\u00e9gek egyik\u00e9n! <\/p>\n\n\n\n<p><strong>6. Milyen fizet\u00e9si lehet\u0151s\u00e9gek vannak?<\/strong><br>Jelenleg banki \u00e1tutal\u00e1ssal vagy k\u00e9szp\u00e9nzes fizet\u00e9ssel tudod rendezni a tags\u00e1gi d\u00edjat, ami az el\u0151z\u0151 h\u00f3nap 15.-ik napj\u00e1ig esed\u00e9kes.<\/p>\n<\/div>\n\n\n\n<div class=\"wp-block-group alignfull has-gradient-4-gradient-background has-background has-global-padding is-layout-constrained wp-block-group-is-layout-constrained\">\n<h2 class=\"wp-block-heading\"><strong>Sz\u00e1ll\u00edt\u00e1s \u00e9s \u00e1tv\u00e9tel<\/strong><\/h2>\n\n\n\n<p><strong>7. Hogyan kapom meg a z\u00f6lds\u00e9geimet?<\/strong><br>A z\u00f6lds\u00e9gkosarakat el\u0151re egyeztetett \u00e1tv\u00e9teli pontokon lehet \u00e1tvenni, a tervek szerint minden Cs\u00fct\u00f6rt\u00f6k\u00f6n. Jelenleg tervezett \u00e1tv\u00e9teli pontok:<br>&#8211; R\u00e1ckev\u00e9n \u00e9s Szigethalmi telephelyen rugalmasan.<br>&#8211; V\u00e1rhat\u00f3an Csepelen, Dunaharasztiban \u00e9s Budapest belv\u00e1rosban el\u0151re megbesz\u00e9lt id\u0151ablakban.<\/p>\n\n\n\n<p>A pontos helysz\u00ednek \u00e9s id\u0151pontok a tags\u00e1gok felt\u00f6lt\u00e9se ut\u00e1n alakulnak majd ki.<\/p>\n\n\n\n<p><strong>8. Van h\u00e1zhoz sz\u00e1ll\u00edt\u00e1s?<\/strong><br>H\u00e1zhoz sz\u00e1ll\u00edt\u00e1st jelenleg nem v\u00e1llalunk, de igyeksz\u00fcnk min\u00e9l t\u00f6bb \u00e1tv\u00e9teli pontot biztos\u00edtani. Ha ez m\u00e9gsem megfelel\u0151, megbesz\u00e9l\u00e9s alapj\u00e1n fut\u00e1rszolg\u00e1lat ig\u00e9ny szerint &#8211; tov\u00e1bbi d\u00edj ellen\u00e9ben &#8211; megoldhat\u00f3.<br>R\u00e9szletes inform\u00e1ci\u00f3\u00e9rt keress minket a megadott el\u00e9rhet\u0151s\u00e9gek egyik\u00e9n!<\/p>\n\n\n\n<p><strong>9. Mi t\u00f6rt\u00e9nik, ha nem tudom \u00e1tvenni a kosarat?<\/strong><br>Ha el\u0151re tudod, hogy nem tudsz elj\u00f6nni, sz\u00f3lj id\u0151ben, \u00e9s megpr\u00f3b\u00e1lunk megold\u00e1st tal\u00e1lni. Egy m\u00e1sik csal\u00e1dtag vagy bar\u00e1t is \u00e1tveheti helyetted.<\/p>\n<\/div>\n\n\n\n<div class=\"wp-block-group alignfull has-gradient-4-gradient-background has-background has-global-padding is-layout-constrained wp-block-group-is-layout-constrained\">\n<h2 class=\"wp-block-heading\"><strong>Egy\u00e9b k\u00e9rd\u00e9sek<\/strong><\/h2>\n\n\n\n<p><strong>10. Kaphatok-e extra z\u00f6lds\u00e9geket a kos\u00e1ron fel\u00fcl?<\/strong><br>A kertben termelt z\u00f6lds\u00e9gek kiz\u00e1r\u00f3lag a tagok k\u00f6z\u00f6tt oszlanak meg, \u00edgy v\u00e1s\u00e1rl\u00e1sra csak az \u00fcresen maradt helyekb\u0151l van lehet\u0151s\u00e9g. Ezekr\u0151l mindig \u00e9rtes\u00edtj\u00fck a tagokat vagy \u00e9rdekl\u0151dj a megadott el\u00e9rhet\u0151s\u00e9gek egyik\u00e9n!<\/p>\n\n\n\n<p><strong>11. Mit tehetek, ha k\u00e9rd\u00e9sem vagy probl\u00e9m\u00e1m van?<\/strong><br>B\u00e1rmilyen k\u00e9rd\u00e9s vagy probl\u00e9ma eset\u00e9n \u00edrj nek\u00fcnk e-mailt vagy keress minket telefonon, \u00e9s igyeksz\u00fcnk gyorsan v\u00e1laszolni.<\/p>\n\n\n\n<p><strong>12. Szerveztek k\u00f6z\u00f6ss\u00e9gi esem\u00e9nyeket?<\/strong><br>Igen! A szezon sor\u00e1n szervez\u00fcnk ny\u00edlt napokat, kert bej\u00e1r\u00e1st, k\u00f6z\u00f6s \u00fcltet\u00e9st \u00e9s sz\u00fcretet ahol megismerheted a gazdas\u00e1got \u00e9s tal\u00e1lkozhatsz a t\u00f6bbi taggal.<\/p>\n<\/div>\n","protected":false},"excerpt":{"rendered":"<p>\u00c1ltal\u00e1nos k\u00e9rd\u00e9sek 1. Mi az a CSA, \u00e9s hogyan m\u0171k\u00f6dik?A CSA (Community Supported Agriculture) egy olyan rendszer, ahol a tagok el\u0151re befizetnek a szezonra, cser\u00e9be pedig friss, szezon\u00e1lis z\u00f6lds\u00e9geket kapnak k\u00f6zvetlen\u00fcl a termel\u0151t\u0151l. Ez kisz\u00e1m\u00edthat\u00f3s\u00e1got biztos\u00edt a gazdas\u00e1gnak \u00e9s friss, helyi \u00e9lelmiszereket a tagoknak. 2. Milyen z\u00f6lds\u00e9geket kapok a szezon sor\u00e1n?A szezon\u00e1lis k\u00edn\u00e1lat v\u00e1ltozik, de [&hellip;]<\/p>\n","protected":false},"author":1,"featured_media":0,"parent":0,"menu_order":0,"comment_status":"closed","ping_status":"closed","template":"","meta":{"_themeisle_gutenberg_block_has_review":false,"footnotes":""},"class_list":["post-1116","page","type-page","status-publish","hentry"],"_links":{"self":[{"href":"https:\/\/kbostermelo.hu\/index.php?rest_route=\/wp\/v2\/pages\/1116","targetHints":{"allow":["GET"]}}],"collection":[{"href":"https:\/\/kbostermelo.hu\/index.php?rest_route=\/wp\/v2\/pages"}],"about":[{"href":"https:\/\/kbostermelo.hu\/index.php?rest_route=\/wp\/v2\/types\/page"}],"author":[{"embeddable":true,"href":"https:\/\/kbostermelo.hu\/index.php?rest_route=\/wp\/v2\/users\/1"}],"replies":[{"embeddable":true,"href":"https:\/\/kbostermelo.hu\/index.php?rest_route=%2Fwp%2Fv2%2Fcomments&post=1116"}],"version-history":[{"count":13,"href":"https:\/\/kbostermelo.hu\/index.php?rest_route=\/wp\/v2\/pages\/1116\/revisions"}],"predecessor-version":[{"id":1200,"href":"https:\/\/kbostermelo.hu\/index.php?rest_route=\/wp\/v2\/pages\/1116\/revisions\/1200"}],"wp:attachment":[{"href":"https:\/\/kbostermelo.hu\/index.php?rest_route=%2Fwp%2Fv2%2Fmedia&parent=1116"}],"curies":[{"name":"wp","href":"https:\/\/api.w.org\/{rel}","templated":true}]}}