{"id":61,"date":"2020-01-23T18:21:52","date_gmt":"2020-01-23T18:21:52","guid":{"rendered":"https:\/\/demosites.io\/marketing-agency-gb\/?page_id=61"},"modified":"2025-02-13T10:00:11","modified_gmt":"2025-02-13T08:00:11","slug":"bcd31-about-us","status":"publish","type":"page","link":"https:\/\/kbostermelo.hu\/?page_id=61","title":{"rendered":"Bemutatkoz\u00e1s"},"content":{"rendered":"\n<div class=\"wp-block-columns alignfull are-vertically-aligned-center has-neve-text-color-color has-text-color has-background is-layout-flex wp-container-core-columns-is-layout-28f84493 wp-block-columns-is-layout-flex\" style=\"background:linear-gradient(180deg,rgb(228,239,235) 0%,rgb(177,197,164) 48%,rgb(228,239,235) 100%)\">\n<div class=\"wp-block-column is-vertically-aligned-center is-layout-flow wp-block-column-is-layout-flow\" style=\"padding-right:var(--wp--preset--spacing--30);padding-left:var(--wp--preset--spacing--30);flex-basis:50%\">\n<figure class=\"wp-block-image aligncenter size-full has-custom-border\"><img loading=\"lazy\" decoding=\"async\" width=\"640\" height=\"640\" src=\"https:\/\/kbostermelo.hu\/wp-content\/uploads\/2025\/02\/742550da-77ee-4bcb-8ed2-44862a43b06f.png\" alt=\"\" class=\"wp-image-1059\" style=\"border-radius:16px;object-fit:cover\" srcset=\"https:\/\/kbostermelo.hu\/wp-content\/uploads\/2025\/02\/742550da-77ee-4bcb-8ed2-44862a43b06f.png 640w, https:\/\/kbostermelo.hu\/wp-content\/uploads\/2025\/02\/742550da-77ee-4bcb-8ed2-44862a43b06f-300x300.png 300w, https:\/\/kbostermelo.hu\/wp-content\/uploads\/2025\/02\/742550da-77ee-4bcb-8ed2-44862a43b06f-150x150.png 150w\" sizes=\"auto, (max-width: 640px) 100vw, 640px\" \/><\/figure>\n<\/div>\n\n\n\n<div class=\"wp-block-column is-vertically-aligned-center is-layout-flow wp-block-column-is-layout-flow\" style=\"padding-top:0;padding-right:var(--wp--preset--spacing--30);padding-bottom:0;padding-left:var(--wp--preset--spacing--30);flex-basis:50%\">\n<h2 class=\"wp-block-heading has-neve-text-color-color has-text-color\">R\u00f3lunk<\/h2>\n\n\n\n<p class=\"has-neve-text-color-color has-text-color\">R\u00e1ckevei vegyszermentes kert\u00fcnk 2024 \u00f3ra m\u0171k\u00f6dik \u00e9s hissz\u00fck, hogy a technol\u00f3gia \u00e9s a biol\u00f3gia \u00f6sszhangj\u00e1val fenntarthat\u00f3 m\u00f3don lehet kiv\u00e1l\u00f3 min\u0151s\u00e9g\u0171 \u00e9lelmiszert termelni. Nem k\u00fczd\u00fcnk a term\u00e9szettel, hanem egy\u00fctt \u00e9l\u00fcnk vele, figyelj\u00fck ritmus\u00e1t \u00e9s alkalmazkodunk hozz\u00e1. C\u00e9lunk, hogy k\u00f6zvetlen\u00fcl a termel\u0151t\u0151l juttassuk el az eg\u00e9szs\u00e9ges, friss z\u00f6lds\u00e9geket a k\u00f6z\u00f6ss\u00e9ghez, t\u00e1mogatva ezzel a r\u00f6vid ell\u00e1t\u00e1si l\u00e1ncot \u00e9s a fenntarthat\u00f3 \u00e9lelmez\u00e9st.<\/p>\n<\/div>\n<\/div>\n\n\n\n<div class=\"wp-block-columns alignfull are-vertically-aligned-center has-contrast-color has-gradient-4-gradient-background has-text-color has-background has-link-color wp-elements-1d321dba7d0c29561e4a5c5acbd23223 is-layout-flex wp-container-core-columns-is-layout-28f84493 wp-block-columns-is-layout-flex\">\n<div class=\"wp-block-column is-vertically-aligned-center is-layout-flow wp-block-column-is-layout-flow\" style=\"padding-right:var(--wp--preset--spacing--30);padding-left:var(--wp--preset--spacing--30);flex-basis:50%\">\n<figure class=\"wp-block-image aligncenter size-full has-custom-border\"><img loading=\"lazy\" decoding=\"async\" width=\"640\" height=\"640\" src=\"https:\/\/kbostermelo.hu\/wp-content\/uploads\/2025\/02\/6bbd46f0-0f5f-4185-b98c-32b2a4a1293d.png\" alt=\"\" class=\"wp-image-1058\" style=\"border-radius:16px;object-fit:cover\" srcset=\"https:\/\/kbostermelo.hu\/wp-content\/uploads\/2025\/02\/6bbd46f0-0f5f-4185-b98c-32b2a4a1293d.png 640w, https:\/\/kbostermelo.hu\/wp-content\/uploads\/2025\/02\/6bbd46f0-0f5f-4185-b98c-32b2a4a1293d-300x300.png 300w, https:\/\/kbostermelo.hu\/wp-content\/uploads\/2025\/02\/6bbd46f0-0f5f-4185-b98c-32b2a4a1293d-150x150.png 150w\" sizes=\"auto, (max-width: 640px) 100vw, 640px\" \/><\/figure>\n\n\n\n<div style=\"height:20px\" aria-hidden=\"true\" class=\"wp-block-spacer\"><\/div>\n<\/div>\n\n\n\n<div class=\"wp-block-column is-vertically-aligned-center is-layout-flow wp-block-column-is-layout-flow\" style=\"padding-right:var(--wp--preset--spacing--30);padding-left:var(--wp--preset--spacing--30);flex-basis:50%\">\n<h2 class=\"wp-block-heading has-nv-text-dark-bg-color has-text-color\">CSA<\/h2>\n\n\n\n<p class=\"has-text-align-left has-nv-text-dark-bg-color has-text-color\">A CSA modellt az\u00e9rt v\u00e1lasztottuk, mert hossz\u00fa t\u00e1v\u00fa kapcsolatot szeretn\u00e9nk kialak\u00edtani a k\u00f6z\u00f6ss\u00e9g\u00fcnkkel, ahol a tagok nem csup\u00e1n v\u00e1s\u00e1rl\u00f3k, hanem a gazdas\u00e1gunk r\u00e9szei is. Ez a rendszer kisz\u00e1m\u00edthat\u00f3s\u00e1got biztos\u00edt mind sz\u00e1munkra, mind a tagjaink sz\u00e1m\u00e1ra, hiszen el\u0151re tervezhet\u0151 a termel\u00e9s \u00e9s az ell\u00e1t\u00e1s. Emellett a r\u00f6vid ell\u00e1t\u00e1si l\u00e1ncnak k\u00f6sz\u00f6nhet\u0151en friss, helyben termesztett \u00e9lelmiszereket juttatunk el k\u00f6zvetlen\u00fcl a fogyaszt\u00f3khoz, cs\u00f6kkentve ezzel a k\u00f6rnyezeti terhel\u00e9st \u00e9s er\u0151s\u00edtve a helyi gazdas\u00e1got.<\/p>\n<\/div>\n<\/div>\n\n\n\n<div class=\"wp-block-columns alignfull are-vertically-aligned-center has-contrast-color has-gradient-4-gradient-background has-text-color has-background has-link-color wp-elements-81cd03f5cef3487530d65a756597581e is-layout-flex wp-container-core-columns-is-layout-28f84493 wp-block-columns-is-layout-flex\">\n<div class=\"wp-block-column is-vertically-aligned-center is-layout-flow wp-block-column-is-layout-flow\" style=\"padding-right:var(--wp--preset--spacing--30);padding-left:var(--wp--preset--spacing--30);flex-basis:50%\">\n<figure class=\"wp-block-image aligncenter size-full has-custom-border\"><img loading=\"lazy\" decoding=\"async\" width=\"2560\" height=\"1226\" src=\"https:\/\/kbostermelo.hu\/wp-content\/uploads\/2025\/02\/20240807_080125-scaled.jpg\" alt=\"\" class=\"wp-image-1160\" style=\"border-radius:16px;object-fit:cover\" srcset=\"https:\/\/kbostermelo.hu\/wp-content\/uploads\/2025\/02\/20240807_080125-scaled.jpg 2560w, https:\/\/kbostermelo.hu\/wp-content\/uploads\/2025\/02\/20240807_080125-300x144.jpg 300w, https:\/\/kbostermelo.hu\/wp-content\/uploads\/2025\/02\/20240807_080125-1024x490.jpg 1024w, https:\/\/kbostermelo.hu\/wp-content\/uploads\/2025\/02\/20240807_080125-768x368.jpg 768w, https:\/\/kbostermelo.hu\/wp-content\/uploads\/2025\/02\/20240807_080125-1536x735.jpg 1536w, https:\/\/kbostermelo.hu\/wp-content\/uploads\/2025\/02\/20240807_080125-2048x981.jpg 2048w\" sizes=\"auto, (max-width: 2560px) 100vw, 2560px\" \/><\/figure>\n<\/div>\n\n\n\n<div class=\"wp-block-column is-vertically-aligned-center is-layout-flow wp-block-column-is-layout-flow\" style=\"padding-right:var(--wp--preset--spacing--30);padding-left:var(--wp--preset--spacing--30);flex-basis:50%\">\n<h2 class=\"wp-block-heading has-nv-text-dark-bg-color has-text-color\">Filoz\u00f3fi\u00e1nk<\/h2>\n\n\n\n<p class=\"has-nv-text-dark-bg-color has-text-color\">Gazdas\u00e1gunkban elk\u00f6telezettek vagyunk a vegyszermentes termeszt\u00e9s mellett, mert hissz\u00fck, hogy az eg\u00e9szs\u00e9ges talaj \u00e9s a term\u00e9szetes m\u00f3dszerek adj\u00e1k a legjobb min\u0151s\u00e9g\u0171 \u00e9lelmiszereket. Csak szezon\u00e1lis z\u00f6lds\u00e9geket termeszt\u00fcnk, \u00edgy mindig a term\u00e9szet ritmus\u00e1hoz igazodva, frissen \u00e9s fenntarthat\u00f3 m\u00f3don k\u00edn\u00e1ljuk term\u00e9nyeinket. Ezzel nemcsak a k\u00f6rnyezetet \u00f3vjuk, hanem a k\u00f6z\u00f6ss\u00e9g\u00fcnk sz\u00e1m\u00e1ra is biztos\u00edtjuk a t\u00e1panyagban gazdag, \u00edzletes \u00e9lelmiszereket.<\/p>\n<\/div>\n<\/div>\n\n\n\n<div class=\"wp-block-columns alignfull are-vertically-aligned-center has-contrast-color has-gradient-4-gradient-background has-text-color has-background has-link-color wp-elements-82705cb8686cc5d8d150083d5b46e8c5 is-layout-flex wp-container-core-columns-is-layout-28f84493 wp-block-columns-is-layout-flex\">\n<div class=\"wp-block-column is-vertically-aligned-center is-layout-flow wp-block-column-is-layout-flow\" style=\"padding-right:var(--wp--preset--spacing--30);padding-left:var(--wp--preset--spacing--30);flex-basis:50%\">\n<figure class=\"wp-block-image aligncenter size-full is-resized has-custom-border\"><img loading=\"lazy\" decoding=\"async\" width=\"1071\" height=\"1071\" src=\"https:\/\/kbostermelo.hu\/wp-content\/uploads\/2025\/02\/npkfull.jpg\" alt=\"\" class=\"wp-image-1189\" style=\"border-radius:16px;width:250px\" srcset=\"https:\/\/kbostermelo.hu\/wp-content\/uploads\/2025\/02\/npkfull.jpg 1071w, https:\/\/kbostermelo.hu\/wp-content\/uploads\/2025\/02\/npkfull-300x300.jpg 300w, https:\/\/kbostermelo.hu\/wp-content\/uploads\/2025\/02\/npkfull-1024x1024.jpg 1024w, https:\/\/kbostermelo.hu\/wp-content\/uploads\/2025\/02\/npkfull-150x150.jpg 150w, https:\/\/kbostermelo.hu\/wp-content\/uploads\/2025\/02\/npkfull-768x768.jpg 768w\" sizes=\"auto, (max-width: 1071px) 100vw, 1071px\" \/><\/figure>\n\n\n\n<div style=\"height:20px\" aria-hidden=\"true\" class=\"wp-block-spacer\"><\/div>\n<\/div>\n\n\n\n<div class=\"wp-block-column is-vertically-aligned-center is-layout-flow wp-block-column-is-layout-flow\" style=\"padding-right:var(--wp--preset--spacing--30);padding-left:var(--wp--preset--spacing--30);flex-basis:50%\">\n<h2 class=\"wp-block-heading has-nv-text-dark-bg-color has-text-color\">Talaj\u00e9let, m\u0171tr\u00e1gya n\u00e9lk\u00fcl<\/h2>\n\n\n\n<p class=\"has-text-align-left has-nv-text-dark-bg-color has-text-color\">Hissz\u00fck, hogy egyed\u00fcl az \u00e9lettel teli talajban megtal\u00e1lhat\u00f3 szervezetek k\u00e9pesek megv\u00e9deni \u00e9s a megfelel\u0151 t\u00e1panyagokkal ell\u00e1tni a n\u00f6v\u00e9nyeket, hogy azok ellen\u00e1ll\u00f3ak \u00e9s eg\u00e9szs\u00e9gesek legyenek. A m\u0171tr\u00e1gya a n\u00f6v\u00e9nyeknek nagyon j\u00f3, de megbor\u00edtja ezt az egyens\u00falyt, \u00edgy a rendszer eleve buk\u00e1sra vagy tov\u00e1bbi kenyszer\u0171 int\u00e9zked\u00e9sre van \u00edt\u00e9lve. A strat\u00e9gi\u00e1nk, hogy hagyjuk, hogy a term\u00e9szet tegye a dolg\u00e1t. A forgat\u00e1s n\u00e9lk\u00fcli \u00e1lland\u00f3 \u00e1gy\u00e1sokban talajrombol\u00e1s n\u00e9lk\u00fcl fejl\u0151dhetnek az \u00e9let alapjait alkot\u00f3 mikrobiol\u00f3giai \u00e9letk\u00f6z\u00f6ss\u00e9gek, el\u0151bb ut\u00f3bb a mi javunkra is. Ebben a kertben csak \u00e9l\u0151 \u00e9s szerves anyag ker\u00fclhet a f\u00f6ldbe: rengeteg n\u00f6v\u00e9nyi komposzt, n\u00e9mi organikus szerves tr\u00e1gya, talaj \u00e9letet seg\u00edt\u0151 n\u00f6v\u00e9nyi kivonatok \u00e9s biol\u00f3giai k\u00e9sz\u00edtm\u00e9nyek. Term\u00e9szetesen lombon kereszt\u00fcl sem haszn\u00e1lunk semmilyen m\u0171tr\u00e1gy\u00e1t.<\/p>\n<\/div>\n<\/div>\n\n\n\n<div class=\"wp-block-columns alignfull are-vertically-aligned-center has-contrast-color has-gradient-4-gradient-background has-text-color has-background has-link-color wp-elements-35c8133549572610ac24c6627b32cea2 is-layout-flex wp-container-core-columns-is-layout-28f84493 wp-block-columns-is-layout-flex\">\n<div class=\"wp-block-column is-vertically-aligned-center is-layout-flow wp-block-column-is-layout-flow\" style=\"padding-right:var(--wp--preset--spacing--30);padding-left:var(--wp--preset--spacing--30);flex-basis:50%\">\n<figure class=\"wp-block-image aligncenter size-full is-resized has-custom-border\"><img loading=\"lazy\" decoding=\"async\" width=\"1077\" height=\"1077\" src=\"https:\/\/kbostermelo.hu\/wp-content\/uploads\/2025\/02\/rovarfull.jpg\" alt=\"\" class=\"wp-image-1190\" style=\"border-radius:16px;width:250px\" srcset=\"https:\/\/kbostermelo.hu\/wp-content\/uploads\/2025\/02\/rovarfull.jpg 1077w, https:\/\/kbostermelo.hu\/wp-content\/uploads\/2025\/02\/rovarfull-300x300.jpg 300w, https:\/\/kbostermelo.hu\/wp-content\/uploads\/2025\/02\/rovarfull-1024x1024.jpg 1024w, https:\/\/kbostermelo.hu\/wp-content\/uploads\/2025\/02\/rovarfull-150x150.jpg 150w, https:\/\/kbostermelo.hu\/wp-content\/uploads\/2025\/02\/rovarfull-768x768.jpg 768w\" sizes=\"auto, (max-width: 1077px) 100vw, 1077px\" \/><\/figure>\n\n\n\n<div style=\"height:20px\" aria-hidden=\"true\" class=\"wp-block-spacer\"><\/div>\n<\/div>\n\n\n\n<div class=\"wp-block-column is-vertically-aligned-center is-layout-flow wp-block-column-is-layout-flow\" style=\"padding-right:var(--wp--preset--spacing--30);padding-left:var(--wp--preset--spacing--30);flex-basis:50%\">\n<h2 class=\"wp-block-heading has-nv-text-dark-bg-color has-text-color\">Rovar\u00f6l\u0151 mentes<\/h2>\n\n\n\n<p class=\"has-nv-text-dark-bg-color has-text-color\">K\u00e9miai rovar\u00f6l\u0151 helyett mechanikus \u00e9s biol\u00f3giai v\u00e9delemre alapozunk: f\u00e1tyol f\u00f3lia az \u00e1gy\u00e1sokon, rovarh\u00e1l\u00f3, s\u00e1rga lapok, feromon \u00e9s f\u00e9nycsapd\u00e1k, valamint sok-sok k\u00e9zi gy\u0171jt\u00f6get\u00e9s. Biol\u00f3giai v\u00e9dekez\u00e9sben seg\u00edt a pal\u00e1nt\u00e1z\u00e1s maga, a csalogat\u00f3 \u00e9s riaszt\u00f3 n\u00f6v\u00e9nyt\u00e1rs\u00edt\u00e1sok, egy\u00e9b n\u00f6v\u00e9nyi kivonatok \u00e9s biol\u00f3giai k\u00e9sz\u00edtm\u00e9nyek, de legink\u00e1bb maga a term\u00e9szet. Igyeksz\u00fcnk t\u00e1mogatni a soksz\u00edn\u0171s\u00e9get \u00e9s min\u00e9l t\u00f6bb rovart, h\u00fcll\u0151t, eml\u0151st, madarat a ter\u00fcletre cs\u00e1b\u00edtani: dolgozzanak helyett\u00fcnk \u0151k. Id\u0151vel az egyens\u00faly be kell \u00e1lljon, de az invaz\u00edv k\u00e1rtev\u0151k kezel\u00e9se k\u00e9ts\u00e9gk\u00edv\u00fcl az egyik legnagyobb kih\u00edv\u00e1s. Senki sem gondoln\u00e1, hogy a kertben v\u00e1lik napi rutinn\u00e1 a porsz\u00edv\u00f3z\u00e1s\u2026<\/p>\n<\/div>\n<\/div>\n\n\n\n<div class=\"wp-block-columns alignfull has-contrast-color has-gradient-4-gradient-background has-text-color has-background has-link-color wp-elements-4b5512bb825dc173038e79bfdc6c3fcd is-layout-flex wp-container-core-columns-is-layout-28f84493 wp-block-columns-is-layout-flex\">\n<div class=\"wp-block-column is-layout-flow wp-block-column-is-layout-flow\" style=\"padding-right:var(--wp--preset--spacing--30);padding-left:var(--wp--preset--spacing--30);flex-basis:50%\">\n<figure class=\"wp-block-image aligncenter size-full is-resized has-custom-border\"><img loading=\"lazy\" decoding=\"async\" width=\"1071\" height=\"1071\" src=\"https:\/\/kbostermelo.hu\/wp-content\/uploads\/2025\/02\/gombafull.jpg\" alt=\"\" class=\"wp-image-1187\" style=\"border-radius:16px;width:250px\" srcset=\"https:\/\/kbostermelo.hu\/wp-content\/uploads\/2025\/02\/gombafull.jpg 1071w, https:\/\/kbostermelo.hu\/wp-content\/uploads\/2025\/02\/gombafull-300x300.jpg 300w, https:\/\/kbostermelo.hu\/wp-content\/uploads\/2025\/02\/gombafull-1024x1024.jpg 1024w, https:\/\/kbostermelo.hu\/wp-content\/uploads\/2025\/02\/gombafull-150x150.jpg 150w, https:\/\/kbostermelo.hu\/wp-content\/uploads\/2025\/02\/gombafull-768x768.jpg 768w\" sizes=\"auto, (max-width: 1071px) 100vw, 1071px\" \/><\/figure>\n\n\n\n<div style=\"height:20px\" aria-hidden=\"true\" class=\"wp-block-spacer\"><\/div>\n<\/div>\n\n\n\n<div class=\"wp-block-column is-vertically-aligned-center is-layout-flow wp-block-column-is-layout-flow\" style=\"padding-right:var(--wp--preset--spacing--30);padding-left:var(--wp--preset--spacing--30);flex-basis:50%\">\n<h2 class=\"wp-block-heading has-nv-text-dark-bg-color has-text-color\">Gombaol\u0151 mentes<\/h2>\n\n\n\n<p class=\"has-text-align-left has-nv-text-dark-bg-color has-text-color\">K\u00e9miai gomba\u00f6l\u0151 helyett f\u0151k\u00e9nt megel\u0151z\u00e9sre helyezz\u00fck a hangs\u00falyt, ez\u00e9rt t\u00f6reksz\u00fcnk az ide\u00e1lis k\u00f6rnyezeti k\u00f6r\u00fclm\u00e9nyekre \u00e9s az eg\u00e9szs\u00e9ges \u00e1llom\u00e1nyra, ami m\u00e1r a megfelel\u0151 vet\u0151magok kiv\u00e1laszt\u00e1s\u00e1n\u00e1l elkezd\u0151dik. Fontosnak tartjuk a rendszeres n\u00f6v\u00e9ny\u00e1pol\u00e1st, a helyes t\u00e1mrendszereket \u00e9s t\u0151t\u00e1vokat a j\u00f3 szell\u0151z\u00e9s\u00e9rt, megfelel\u0151 \u00f6nt\u00f6z\u00e9si technol\u00f3gia haszn\u00e1lat\u00e1t,&nbsp; prevent\u00edv int\u00e9zked\u00e9seket. Ha a term\u00e9szet m\u00e9gis \u00fczen, hogy valami m\u00e9g nem az igazi, k\u00e1rment\u00e9s \u00e9s tanuls\u00e1gok levon\u00e1sa ut\u00e1n szerves \u00e9s biol\u00f3giai k\u00e9sz\u00edtm\u00e9nyekkel igyeksz\u00fcnk \u00farr\u00e1 lenni a helyzeten, de pl. az \u00f6kol\u00f3giai gazd\u00e1lkod\u00e1sban egy\u00e9bk\u00e9nt megengedett rezet semmilyen form\u00e1ban sem haszn\u00e1lunk.<\/p>\n<\/div>\n<\/div>\n\n\n\n<div class=\"wp-block-columns alignfull are-vertically-aligned-center has-contrast-color has-gradient-4-gradient-background has-text-color has-background has-link-color wp-elements-c3fac48389e64df423759c00519d4a3a is-layout-flex wp-container-core-columns-is-layout-28f84493 wp-block-columns-is-layout-flex\">\n<div class=\"wp-block-column is-vertically-aligned-center is-layout-flow wp-block-column-is-layout-flow\" style=\"padding-right:var(--wp--preset--spacing--30);padding-left:var(--wp--preset--spacing--30);flex-basis:50%\">\n<figure class=\"wp-block-image aligncenter size-full is-resized has-custom-border\"><img loading=\"lazy\" decoding=\"async\" width=\"1071\" height=\"1071\" src=\"https:\/\/kbostermelo.hu\/wp-content\/uploads\/2025\/02\/gyomritofull.jpg\" alt=\"\" class=\"wp-image-1188\" style=\"border-radius:16px;width:250px\" srcset=\"https:\/\/kbostermelo.hu\/wp-content\/uploads\/2025\/02\/gyomritofull.jpg 1071w, https:\/\/kbostermelo.hu\/wp-content\/uploads\/2025\/02\/gyomritofull-300x300.jpg 300w, https:\/\/kbostermelo.hu\/wp-content\/uploads\/2025\/02\/gyomritofull-1024x1024.jpg 1024w, https:\/\/kbostermelo.hu\/wp-content\/uploads\/2025\/02\/gyomritofull-150x150.jpg 150w, https:\/\/kbostermelo.hu\/wp-content\/uploads\/2025\/02\/gyomritofull-768x768.jpg 768w\" sizes=\"auto, (max-width: 1071px) 100vw, 1071px\" \/><\/figure>\n\n\n\n<div style=\"height:20px\" aria-hidden=\"true\" class=\"wp-block-spacer\"><\/div>\n<\/div>\n\n\n\n<div class=\"wp-block-column is-layout-flow wp-block-column-is-layout-flow\"><\/div>\n\n\n\n<div class=\"wp-block-column is-vertically-aligned-center is-layout-flow wp-block-column-is-layout-flow\" style=\"padding-right:var(--wp--preset--spacing--30);padding-left:var(--wp--preset--spacing--30);flex-basis:50%\">\n<h2 class=\"wp-block-heading has-nv-text-dark-bg-color has-text-color\">Gyom\u00edrt\u00f3 mentes<\/h2>\n\n\n\n<p class=\"has-nv-text-dark-bg-color has-text-color\">Glifoz\u00e1t \u00e9s t\u00e1rsai helyett takar\u00f3n\u00f6v\u00e9nyeket pr\u00f3b\u00e1lunk haszn\u00e1lni &#8211; egyel\u0151re kev\u00e9s sikerrel, a parlagon marad\u00f3 t\u00e1bl\u00e1kat \u00e9s sorokat id\u0151szakos letakarjuk, a term\u0151ter\u00fcleten plasztik \u00e9s organikus mulcsot haszn\u00e1lunk, kartont \u00e9s tiszta komposztot. A folyamatos k\u00e9zi gyoml\u00e1l\u00e1s mellett j\u00f3 bar\u00e1tunk a f\u0171kasza, a sarl\u00f3, a f\u0171ny\u00edr\u00f3, szeg\u00e9lyv\u00e1g\u00f3, \u00fajra \u00e9s \u00fajra am\u00edg a szezon tart\u2026 Sok csat\u00e1t\/vetem\u00e9nyt vesztett\u00fcnk, de a tanuls\u00e1g a mi\u00e9nk, a trend az\u00e9rt pozit\u00edv. A nyakig er\u0151 gazt pedig mostant\u00f3l \u00fagy mondjuk: biodiverz n\u00f6v\u00e9nyhotel.<\/p>\n<\/div>\n<\/div>\n","protected":false},"excerpt":{"rendered":"<p>R\u00f3lunk R\u00e1ckevei vegyszermentes kert\u00fcnk 2024 \u00f3ra m\u0171k\u00f6dik \u00e9s hissz\u00fck, hogy a technol\u00f3gia \u00e9s a biol\u00f3gia \u00f6sszhangj\u00e1val fenntarthat\u00f3 m\u00f3don lehet kiv\u00e1l\u00f3 min\u0151s\u00e9g\u0171 \u00e9lelmiszert termelni. Nem k\u00fczd\u00fcnk a term\u00e9szettel, hanem egy\u00fctt \u00e9l\u00fcnk vele, figyelj\u00fck ritmus\u00e1t \u00e9s alkalmazkodunk hozz\u00e1. C\u00e9lunk, hogy k\u00f6zvetlen\u00fcl a termel\u0151t\u0151l juttassuk el az eg\u00e9szs\u00e9ges, friss z\u00f6lds\u00e9geket a k\u00f6z\u00f6ss\u00e9ghez, t\u00e1mogatva ezzel a r\u00f6vid ell\u00e1t\u00e1si l\u00e1ncot [&hellip;]<\/p>\n","protected":false},"author":1,"featured_media":0,"parent":0,"menu_order":0,"comment_status":"closed","ping_status":"closed","template":"","meta":{"_themeisle_gutenberg_block_has_review":false,"footnotes":""},"class_list":["post-61","page","type-page","status-publish","hentry"],"_links":{"self":[{"href":"https:\/\/kbostermelo.hu\/index.php?rest_route=\/wp\/v2\/pages\/61","targetHints":{"allow":["GET"]}}],"collection":[{"href":"https:\/\/kbostermelo.hu\/index.php?rest_route=\/wp\/v2\/pages"}],"about":[{"href":"https:\/\/kbostermelo.hu\/index.php?rest_route=\/wp\/v2\/types\/page"}],"author":[{"embeddable":true,"href":"https:\/\/kbostermelo.hu\/index.php?rest_route=\/wp\/v2\/users\/1"}],"replies":[{"embeddable":true,"href":"https:\/\/kbostermelo.hu\/index.php?rest_route=%2Fwp%2Fv2%2Fcomments&post=61"}],"version-history":[{"count":32,"href":"https:\/\/kbostermelo.hu\/index.php?rest_route=\/wp\/v2\/pages\/61\/revisions"}],"predecessor-version":[{"id":1213,"href":"https:\/\/kbostermelo.hu\/index.php?rest_route=\/wp\/v2\/pages\/61\/revisions\/1213"}],"wp:attachment":[{"href":"https:\/\/kbostermelo.hu\/index.php?rest_route=%2Fwp%2Fv2%2Fmedia&parent=61"}],"curies":[{"name":"wp","href":"https:\/\/api.w.org\/{rel}","templated":true}]}}