{"id":988,"date":"2025-02-03T22:38:45","date_gmt":"2025-02-03T20:38:45","guid":{"rendered":"https:\/\/kbostermelo.hu\/?page_id=988"},"modified":"2025-02-28T22:10:33","modified_gmt":"2025-02-28T20:10:33","slug":"hogyan-csatlakozhatsz","status":"publish","type":"page","link":"https:\/\/kbostermelo.hu\/?page_id=988","title":{"rendered":"Csatlakoz\u00e1s"},"content":{"rendered":"\n<section id=\"wp-block-themeisle-blocks-advanced-columns-9ac3ae90\" class=\"wp-block-themeisle-blocks-advanced-columns alignfull has-2-columns has-desktop-equal-layout has-tablet-equal-layout has-mobile-collapsedRows-layout has-vertical-center\"><div class=\"wp-block-themeisle-blocks-advanced-columns-overlay\"><\/div><div class=\"innerblocks-wrap\">\n<div id=\"wp-block-themeisle-blocks-advanced-column-9bb4678f\" class=\"wp-block-themeisle-blocks-advanced-column\">\n<figure class=\"wp-block-image aligncenter size-large is-style-rounded is-style-rounded--1\"><img loading=\"lazy\" decoding=\"async\" width=\"2560\" height=\"2560\" src=\"https:\/\/kbostermelo.hu\/wp-content\/uploads\/2025\/02\/20240812_104605-edited-scaled.jpg\" alt=\"\" class=\"wp-image-1177\" style=\"object-fit:cover\" srcset=\"https:\/\/kbostermelo.hu\/wp-content\/uploads\/2025\/02\/20240812_104605-edited-scaled.jpg 2560w, https:\/\/kbostermelo.hu\/wp-content\/uploads\/2025\/02\/20240812_104605-edited-300x300.jpg 300w, https:\/\/kbostermelo.hu\/wp-content\/uploads\/2025\/02\/20240812_104605-edited-1024x1024.jpg 1024w, https:\/\/kbostermelo.hu\/wp-content\/uploads\/2025\/02\/20240812_104605-edited-150x150.jpg 150w, https:\/\/kbostermelo.hu\/wp-content\/uploads\/2025\/02\/20240812_104605-edited-768x768.jpg 768w, https:\/\/kbostermelo.hu\/wp-content\/uploads\/2025\/02\/20240812_104605-edited-1536x1536.jpg 1536w, https:\/\/kbostermelo.hu\/wp-content\/uploads\/2025\/02\/20240812_104605-edited-2048x2048.jpg 2048w\" sizes=\"auto, (max-width: 2560px) 100vw, 2560px\" \/><\/figure>\n<\/div>\n\n\n\n<div id=\"wp-block-themeisle-blocks-advanced-column-6dcd8921\" class=\"wp-block-themeisle-blocks-advanced-column\">\n<h2 class=\"wp-block-heading has-text-align-left has-text-color has-link-color wp-elements-68fee33b9a0245e028319c8f5ced04de\" style=\"color:#080808\">L\u00e9gy tagja k\u00f6z\u00f6ss\u00e9gi kert\u00fcnknek!<\/h2>\n\n\n\n<p>A CSA modellben a tagok el\u0151re fizetnek a szezon alatt, ezzel biztos\u00edtva a gazdas\u00e1g fenntarthat\u00f3 m\u0171k\u00f6d\u00e9s\u00e9t \u00e9s a termel\u00e9s kisz\u00e1m\u00edthat\u00f3s\u00e1g\u00e1t. Cser\u00e9be hetente friss, szezon\u00e1lis z\u00f6lds\u00e9geket kapnak k\u00f6zvetlen\u00fcl a termel\u0151t\u0151l, \u00edgy mindig a term\u00e9szet ritmus\u00e1nak megfelel\u0151 \u00e9lelmiszerek ker\u00fclnek az asztalukra. A r\u00f6vid ell\u00e1t\u00e1si l\u00e1nc r\u00e9v\u00e9n az \u00e9telek frissebbek, \u00edzletesebbek, \u00e9s kevesebb k\u00f6rnyezeti terhel\u00e9ssel j\u00e1rnak.<\/p>\n\n\n\n<p>Ebben a rendszerben a tagok \u00e9s a termel\u0151 hossz\u00fa t\u00e1v\u00fa meg\u00e1llapod\u00e1s alapj\u00e1n k\u00f6z\u00f6sen viselik a gazd\u00e1lkod\u00e1s kock\u00e1zatait \u00e9s felel\u0151ss\u00e9g\u00e9t, mik\u00f6zben megosztj\u00e1k annak eredm\u00e9nyeit is. Ez biztos\u00edtja a kisz\u00e1m\u00edthat\u00f3s\u00e1got mindk\u00e9t f\u00e9l sz\u00e1m\u00e1ra, er\u0151s\u00edtve a bizalmon alapul\u00f3 k\u00f6z\u00f6ss\u00e9get.<\/p>\n<\/div>\n<\/div><\/section>\n\n\n\n<section id=\"wp-block-themeisle-blocks-advanced-columns-5bf726c2\" class=\"wp-block-themeisle-blocks-advanced-columns alignfull has-2-columns has-desktop-equal-layout has-tablet-equal-layout has-mobile-collapsedRows-layout has-vertical-center\"><div class=\"wp-block-themeisle-blocks-advanced-columns-overlay\"><\/div><div class=\"innerblocks-wrap\">\n<div id=\"wp-block-themeisle-blocks-advanced-column-1ecc9713\" class=\"wp-block-themeisle-blocks-advanced-column\">\n<figure class=\"wp-block-image size-large is-style-rounded is-style-rounded--2\"><img loading=\"lazy\" decoding=\"async\" width=\"1024\" height=\"1024\" src=\"https:\/\/kbostermelo.hu\/wp-content\/uploads\/2025\/02\/20241107_112941-edited-1024x1024.jpg\" alt=\"\" class=\"wp-image-1175\" style=\"object-fit:cover\" srcset=\"https:\/\/kbostermelo.hu\/wp-content\/uploads\/2025\/02\/20241107_112941-edited-1024x1024.jpg 1024w, https:\/\/kbostermelo.hu\/wp-content\/uploads\/2025\/02\/20241107_112941-edited-300x300.jpg 300w, https:\/\/kbostermelo.hu\/wp-content\/uploads\/2025\/02\/20241107_112941-edited-150x150.jpg 150w, https:\/\/kbostermelo.hu\/wp-content\/uploads\/2025\/02\/20241107_112941-edited-768x768.jpg 768w, https:\/\/kbostermelo.hu\/wp-content\/uploads\/2025\/02\/20241107_112941-edited-1536x1536.jpg 1536w, https:\/\/kbostermelo.hu\/wp-content\/uploads\/2025\/02\/20241107_112941-edited-2048x2048.jpg 2048w\" sizes=\"auto, (max-width: 1024px) 100vw, 1024px\" \/><\/figure>\n<\/div>\n\n\n\n<div id=\"wp-block-themeisle-blocks-advanced-column-c7307024\" class=\"wp-block-themeisle-blocks-advanced-column\">\n<h2 class=\"wp-block-heading has-text-align-left\">Tags\u00e1ggal j\u00e1r\u00f3 el\u0151ny\u00f6k<\/h2>\n\n\n\n<p class=\"has-text-align-left\">Tags\u00e1ggal j\u00e1r\u00f3 el\u0151ny\u00f6k:<br>&#8211; Minden h\u00e9ten garant\u00e1ltan friss szezon\u00e1lis z\u00f6lds\u00e9gek, amiket organikus m\u00f3don termeszt\u00fcnk.<br>&#8211; Vir\u00e1gpal\u00e1nt\u00e1k \u00e9s cserepes f\u0171szern\u00f6v\u00e9nyek a szezon alatt.<br>&#8211; Aktu\u00e1lis receptek a kos\u00e1r mell\u00e9 \u00e9s tart\u00f3s\u00edt\u00e1si \u00f6tletek a t\u00e9li szezonra<br>&#8211; Rendszeres h\u00edrek a kertb\u0151l, betekint\u00e9s az aktu\u00e1lis gazd\u00e1lkod\u00e1si munk\u00e1kba \u00e9s ismerked\u00e9s a n\u00f6v\u00e9nytermeszt\u00e9ssel.<br>&#8211; Kertl\u00e1togat\u00e1s, ig\u00e9ny szerint k\u00f6z\u00f6s \u00fcltet\u00e9s vagy sz\u00fcret, \u00f6nk\u00e9ntes lehet\u0151s\u00e9gek.<\/p>\n<\/div>\n<\/div><\/section>\n\n\n\n<section id=\"wp-block-themeisle-blocks-advanced-columns-408296c1\" class=\"wp-block-themeisle-blocks-advanced-columns alignfull has-2-columns has-desktop-equal-layout has-tablet-equal-layout has-mobile-collapsedRows-layout has-vertical-center\"><div class=\"wp-block-themeisle-blocks-advanced-columns-overlay\"><\/div><div class=\"innerblocks-wrap\">\n<div id=\"wp-block-themeisle-blocks-advanced-column-397004e6\" class=\"wp-block-themeisle-blocks-advanced-column\">\n<figure class=\"wp-block-image aligncenter size-large is-style-rounded is-style-rounded--3\"><img loading=\"lazy\" decoding=\"async\" width=\"1024\" height=\"768\" src=\"https:\/\/kbostermelo.hu\/wp-content\/uploads\/2025\/02\/20240722_073238-1024x768.jpg\" alt=\"\" class=\"wp-image-1073\" style=\"object-fit:cover\" srcset=\"https:\/\/kbostermelo.hu\/wp-content\/uploads\/2025\/02\/20240722_073238-1024x768.jpg 1024w, https:\/\/kbostermelo.hu\/wp-content\/uploads\/2025\/02\/20240722_073238-300x225.jpg 300w, https:\/\/kbostermelo.hu\/wp-content\/uploads\/2025\/02\/20240722_073238-768x576.jpg 768w, https:\/\/kbostermelo.hu\/wp-content\/uploads\/2025\/02\/20240722_073238-1536x1152.jpg 1536w, https:\/\/kbostermelo.hu\/wp-content\/uploads\/2025\/02\/20240722_073238-2048x1536.jpg 2048w\" sizes=\"auto, (max-width: 1024px) 100vw, 1024px\" \/><\/figure>\n<\/div>\n\n\n\n<div id=\"wp-block-themeisle-blocks-advanced-column-4877407b\" class=\"wp-block-themeisle-blocks-advanced-column\">\n<h2 class=\"wp-block-heading has-text-align-left has-text-color has-link-color wp-elements-c3282ed893baf145ad86c73886d837b2\" style=\"color:#080808\">\u00c1rak \u00e9s csomagok<\/h2>\n\n\n\n<p>Az el\u0151fizet\u00e9sek a teljes, M\u00e1just\u00f3l Okt\u00f3berig tart\u00f3 6 h\u00f3napos szezonra vonatkoznak:<\/p>\n\n\n\n<p>Csal\u00e1di kos\u00e1r 3-5 f\u0151re:<br>Havid\u00edj 6 h\u00f3napig: 65.000.-<br>Havid\u00edj 8 h\u00f3napig (\u00c1prilist\u00f3l Novemberig): 48.750.-<br>\u00c9ves d\u00edj : 350.000.- (10% kedvezm\u00e9ny), k\u00e9t r\u00e9szletben.<\/p>\n\n\n\n<p>P\u00e1ros kos\u00e1r 2-3 f\u0151re:<br>Havid\u00edj 6 h\u00f3napig: 39.000.-<br>Havid\u00edj 8 h\u00f3napig (\u00c1prilist\u00f3l Novemberig): 29.250.-<br>\u00c9ves d\u00edj : 210.000.- (10% kedvezm\u00e9ny), k\u00e9t r\u00e9szletben.<\/p>\n<\/div>\n<\/div><\/section>\n\n\n\n<section id=\"wp-block-themeisle-blocks-advanced-columns-2e1fc76e\" class=\"wp-block-themeisle-blocks-advanced-columns alignfull has-2-columns has-desktop-equal-layout has-tablet-equal-layout has-mobile-collapsedRows-layout has-vertical-center\"><div class=\"wp-block-themeisle-blocks-advanced-columns-overlay\"><\/div><div class=\"innerblocks-wrap\">\n<div id=\"wp-block-themeisle-blocks-advanced-column-33d10f54\" class=\"wp-block-themeisle-blocks-advanced-column\">\n<figure class=\"wp-block-image size-large is-style-rounded is-style-rounded--4\"><img loading=\"lazy\" decoding=\"async\" width=\"1024\" height=\"1024\" src=\"https:\/\/kbostermelo.hu\/wp-content\/uploads\/2025\/02\/20240701_145117-01-1024x1024.jpeg\" alt=\"\" class=\"wp-image-1158\" srcset=\"https:\/\/kbostermelo.hu\/wp-content\/uploads\/2025\/02\/20240701_145117-01-1024x1024.jpeg 1024w, https:\/\/kbostermelo.hu\/wp-content\/uploads\/2025\/02\/20240701_145117-01-300x300.jpeg 300w, https:\/\/kbostermelo.hu\/wp-content\/uploads\/2025\/02\/20240701_145117-01-150x150.jpeg 150w, https:\/\/kbostermelo.hu\/wp-content\/uploads\/2025\/02\/20240701_145117-01-768x768.jpeg 768w, https:\/\/kbostermelo.hu\/wp-content\/uploads\/2025\/02\/20240701_145117-01-1536x1536.jpeg 1536w, https:\/\/kbostermelo.hu\/wp-content\/uploads\/2025\/02\/20240701_145117-01-2048x2048.jpeg 2048w\" sizes=\"auto, (max-width: 1024px) 100vw, 1024px\" \/><\/figure>\n<\/div>\n\n\n\n<div id=\"wp-block-themeisle-blocks-advanced-column-610d62cb\" class=\"wp-block-themeisle-blocks-advanced-column\">\n<h2 class=\"wp-block-heading has-text-align-left\">Jelentkez\u00e9si folyamat<\/h2>\n\n\n\n<p class=\"has-text-align-left\">T\u00f6ltsd ki a jelentkez\u00e9si k\u00e9rd\u0151\u00edvet a lenti linken, ahol kiv\u00e1laszthatod a kos\u00e1r m\u00e9ret\u00e9t, megadhatod a lakhelyed az \u00e1tv\u00e9teli pont kijel\u00f6l\u00e9s\u00e9hez, \u00e9s eld\u00f6ntheted a fizet\u00e9si gyakoris\u00e1got. Mi feldolgozzuk a jelentkez\u00e9sed, felvessz\u00fck veled a kapcsolatot, \u00e9s egyeztetj\u00fck a r\u00e9szleteket. A v\u00e9gleges\u00edt\u00e9s ut\u00e1n \u00edr\u00e1sban r\u00f6gz\u00edtj\u00fck a tags\u00e1got, \u00e9s ezzel hivatalosan is a kert\u00fcnk \u00e9s k\u00f6z\u00f6ss\u00e9g\u00fcnk tagj\u00e1v\u00e1 v\u00e1lsz. Tagk\u00e9nt rendszeresen h\u00edreket kapsz a kertb\u0151l, friss inform\u00e1ci\u00f3kat a v\u00e1rhat\u00f3 kosarakr\u00f3l, \u00e9s els\u0151k\u00e9nt \u00e9rtes\u00fclhetsz a szezon esem\u00e9nyeir\u0151l.<\/p>\n\n\n\n<p>LINK<\/p>\n<\/div>\n<\/div><\/section>\n","protected":false},"excerpt":{"rendered":"","protected":false},"author":1,"featured_media":0,"parent":0,"menu_order":0,"comment_status":"closed","ping_status":"closed","template":"","meta":{"_themeisle_gutenberg_block_has_review":false,"footnotes":""},"class_list":["post-988","page","type-page","status-publish","hentry"],"_links":{"self":[{"href":"https:\/\/kbostermelo.hu\/index.php?rest_route=\/wp\/v2\/pages\/988","targetHints":{"allow":["GET"]}}],"collection":[{"href":"https:\/\/kbostermelo.hu\/index.php?rest_route=\/wp\/v2\/pages"}],"about":[{"href":"https:\/\/kbostermelo.hu\/index.php?rest_route=\/wp\/v2\/types\/page"}],"author":[{"embeddable":true,"href":"https:\/\/kbostermelo.hu\/index.php?rest_route=\/wp\/v2\/users\/1"}],"replies":[{"embeddable":true,"href":"https:\/\/kbostermelo.hu\/index.php?rest_route=%2Fwp%2Fv2%2Fcomments&post=988"}],"version-history":[{"count":45,"href":"https:\/\/kbostermelo.hu\/index.php?rest_route=\/wp\/v2\/pages\/988\/revisions"}],"predecessor-version":[{"id":1243,"href":"https:\/\/kbostermelo.hu\/index.php?rest_route=\/wp\/v2\/pages\/988\/revisions\/1243"}],"wp:attachment":[{"href":"https:\/\/kbostermelo.hu\/index.php?rest_route=%2Fwp%2Fv2%2Fmedia&parent=988"}],"curies":[{"name":"wp","href":"https:\/\/api.w.org\/{rel}","templated":true}]}}