{"id":991,"date":"2025-02-03T23:39:11","date_gmt":"2025-02-03T21:39:11","guid":{"rendered":"https:\/\/kbostermelo.hu\/?page_id=991"},"modified":"2025-02-13T09:53:22","modified_gmt":"2025-02-13T07:53:22","slug":"mit-termelunk","status":"publish","type":"page","link":"https:\/\/kbostermelo.hu\/?page_id=991","title":{"rendered":"K\u00edn\u00e1latunk"},"content":{"rendered":"\n<section id=\"wp-block-themeisle-blocks-advanced-columns-9ac3ae90\" class=\"wp-block-themeisle-blocks-advanced-columns alignfull has-2-columns has-desktop-equal-layout has-tablet-equal-layout has-mobile-collapsedRows-layout has-vertical-center\"><div class=\"wp-block-themeisle-blocks-advanced-columns-overlay\"><\/div><div class=\"innerblocks-wrap\">\n<div id=\"wp-block-themeisle-blocks-advanced-column-9bb4678f\" class=\"wp-block-themeisle-blocks-advanced-column\">\n<figure class=\"wp-block-image aligncenter size-large is-style-rounded is-style-rounded--1\"><img loading=\"lazy\" decoding=\"async\" width=\"1024\" height=\"1024\" src=\"https:\/\/kbostermelo.hu\/wp-content\/uploads\/2025\/02\/20241025_130717-edited-1024x1024.jpg\" alt=\"\" class=\"wp-image-1136\" style=\"object-fit:cover\" srcset=\"https:\/\/kbostermelo.hu\/wp-content\/uploads\/2025\/02\/20241025_130717-edited-1024x1024.jpg 1024w, https:\/\/kbostermelo.hu\/wp-content\/uploads\/2025\/02\/20241025_130717-edited-300x300.jpg 300w, https:\/\/kbostermelo.hu\/wp-content\/uploads\/2025\/02\/20241025_130717-edited-150x150.jpg 150w, https:\/\/kbostermelo.hu\/wp-content\/uploads\/2025\/02\/20241025_130717-edited-768x768.jpg 768w, https:\/\/kbostermelo.hu\/wp-content\/uploads\/2025\/02\/20241025_130717-edited-1536x1536.jpg 1536w, https:\/\/kbostermelo.hu\/wp-content\/uploads\/2025\/02\/20241025_130717-edited-2048x2048.jpg 2048w\" sizes=\"auto, (max-width: 1024px) 100vw, 1024px\" \/><\/figure>\n<\/div>\n\n\n\n<div id=\"wp-block-themeisle-blocks-advanced-column-6dcd8921\" class=\"wp-block-themeisle-blocks-advanced-column\">\n<h2 class=\"wp-block-heading has-text-align-left has-text-color has-link-color wp-elements-2cbf8a8c98269cfc6a91629e86031a19\" style=\"color:#080808\">Mit k\u00edn\u00e1lunk id\u00e9n?<\/h2>\n\n\n\n<p>A szezon\u00e1lis frissess\u00e9gre \u00e9p\u00edt\u00fcnk, \u00edgy mindig azt k\u00edn\u00e1ljuk, amit a term\u00e9szet a legjobb min\u0151s\u00e9gben ad. A M\u00e1just\u00f3l Okt\u00f3berig tart\u00f3 6 h\u00f3napos szezonban k\u00f6zel 50 fajnak ad otthont a kert\u00fcnk<\/p>\n\n\n\n<p>Az al\u00e1bbiakban l\u00e1thatod, hogy milyen term\u00e9nyekre sz\u00e1m\u00edthatsz 2025-ben, b\u0151vebb inform\u00e1ci\u00f3k\u00e9rt keress minket!<br><\/p>\n<\/div>\n<\/div><\/section>\n\n\n\n<section id=\"wp-block-themeisle-blocks-advanced-columns-5bf726c2\" class=\"wp-block-themeisle-blocks-advanced-columns alignfull has-2-columns has-desktop-equal-layout has-tablet-equal-layout has-mobile-collapsedRows-layout has-vertical-center\"><div class=\"wp-block-themeisle-blocks-advanced-columns-overlay\"><\/div><div class=\"innerblocks-wrap\">\n<div id=\"wp-block-themeisle-blocks-advanced-column-1ecc9713\" class=\"wp-block-themeisle-blocks-advanced-column\">\n<figure class=\"wp-block-image aligncenter size-large is-style-rounded is-style-rounded--2\"><img decoding=\"async\" src=\"https:\/\/kbostermelo.hu\/wp-content\/uploads\/2025\/02\/20240924_111135-1024x768.jpg\" alt=\"\" class=\"wp-image-1068\"\/><\/figure>\n<\/div>\n\n\n\n<div id=\"wp-block-themeisle-blocks-advanced-column-c7307024\" class=\"wp-block-themeisle-blocks-advanced-column\">\n<h2 class=\"wp-block-heading has-text-align-left\">M\u00e1jus, J\u00fanius<\/h2>\n\n\n\n<p class=\"has-text-align-left\">\u00dajhagyma, Retek, Fejessal\u00e1ta, T\u00e9p\u0151sal\u00e1ta, Spen\u00f3t, Rukkola, S\u00e1rgar\u00e9pa, Petrezselyem, Karal\u00e1b\u00e9, Cukkini<\/p>\n<\/div>\n<\/div><\/section>\n\n\n\n<section id=\"wp-block-themeisle-blocks-advanced-columns-3158e3a1\" class=\"wp-block-themeisle-blocks-advanced-columns alignfull has-2-columns has-desktop-equal-layout has-tablet-equal-layout has-mobile-collapsedRows-layout has-vertical-center\"><div class=\"wp-block-themeisle-blocks-advanced-columns-overlay\"><\/div><div class=\"innerblocks-wrap\">\n<div id=\"wp-block-themeisle-blocks-advanced-column-2fe4ade5\" class=\"wp-block-themeisle-blocks-advanced-column\">\n<figure class=\"wp-block-image size-large is-style-rounded is-style-rounded--3\"><img loading=\"lazy\" decoding=\"async\" width=\"1024\" height=\"768\" src=\"https:\/\/kbostermelo.hu\/wp-content\/uploads\/2025\/02\/20240722_175809-1024x768.jpg\" alt=\"\" class=\"wp-image-1072\" srcset=\"https:\/\/kbostermelo.hu\/wp-content\/uploads\/2025\/02\/20240722_175809-1024x768.jpg 1024w, https:\/\/kbostermelo.hu\/wp-content\/uploads\/2025\/02\/20240722_175809-300x225.jpg 300w, https:\/\/kbostermelo.hu\/wp-content\/uploads\/2025\/02\/20240722_175809-768x576.jpg 768w, https:\/\/kbostermelo.hu\/wp-content\/uploads\/2025\/02\/20240722_175809-1536x1152.jpg 1536w, https:\/\/kbostermelo.hu\/wp-content\/uploads\/2025\/02\/20240722_175809-2048x1536.jpg 2048w\" sizes=\"auto, (max-width: 1024px) 100vw, 1024px\" \/><\/figure>\n<\/div>\n\n\n\n<div id=\"wp-block-themeisle-blocks-advanced-column-51dbf0ec\" class=\"wp-block-themeisle-blocks-advanced-column\">\n<h2 class=\"wp-block-heading has-text-align-left has-text-color has-link-color wp-elements-0ee9c0aed0c6da7913056da9ab72457a\" style=\"color:#080808\">J\u00falius, Augusztus<\/h2>\n\n\n\n<p>Paradicsomok, Paprik\u00e1k, Ubork\u00e1k, Cukkini, S\u00e1rgar\u00e9pa, C\u00e9kla, S\u00e1rgadinnye, G\u00f6r\u00f6gdinnye, M\u00e1ngold<\/p>\n\n\n\n<p><br><\/p>\n<\/div>\n<\/div><\/section>\n\n\n\n<section id=\"wp-block-themeisle-blocks-advanced-columns-3b6f425f\" class=\"wp-block-themeisle-blocks-advanced-columns alignfull has-2-columns has-desktop-equal-layout has-tablet-equal-layout has-mobile-collapsedRows-layout has-vertical-center\"><div class=\"wp-block-themeisle-blocks-advanced-columns-overlay\"><\/div><div class=\"innerblocks-wrap\">\n<div id=\"wp-block-themeisle-blocks-advanced-column-424d45ad\" class=\"wp-block-themeisle-blocks-advanced-column\">\n<figure class=\"wp-block-gallery has-nested-images columns-2 is-cropped wp-block-gallery-5 is-layout-flex wp-block-gallery-is-layout-flex\">\n<figure class=\"wp-block-image aligncenter size-large is-style-rounded is-style-rounded--4\"><img loading=\"lazy\" decoding=\"async\" width=\"1008\" height=\"1024\" data-id=\"1064\" src=\"https:\/\/kbostermelo.hu\/wp-content\/uploads\/2025\/02\/20241022_071713-1008x1024.jpg\" alt=\"\" class=\"wp-image-1064\" srcset=\"https:\/\/kbostermelo.hu\/wp-content\/uploads\/2025\/02\/20241022_071713-1008x1024.jpg 1008w, https:\/\/kbostermelo.hu\/wp-content\/uploads\/2025\/02\/20241022_071713-295x300.jpg 295w, https:\/\/kbostermelo.hu\/wp-content\/uploads\/2025\/02\/20241022_071713-768x780.jpg 768w, https:\/\/kbostermelo.hu\/wp-content\/uploads\/2025\/02\/20241022_071713-1512x1536.jpg 1512w, https:\/\/kbostermelo.hu\/wp-content\/uploads\/2025\/02\/20241022_071713-2016x2048.jpg 2016w\" sizes=\"auto, (max-width: 1008px) 100vw, 1008px\" \/><\/figure>\n<\/figure>\n<\/div>\n\n\n\n<div id=\"wp-block-themeisle-blocks-advanced-column-b11bacfb\" class=\"wp-block-themeisle-blocks-advanced-column\">\n<h2 class=\"wp-block-heading has-text-align-left\">Szeptember, Okt\u00f3ber<\/h2>\n\n\n\n<p class=\"has-text-align-left\">V\u00f6r\u00f6shagyma, Fokhagyma, P\u00f3r\u00e9hagyma, C\u00e9kla, Zeller, Karal\u00e1b\u00e9, K\u00e1poszta, Paprika, Paradicsom,T\u00f6k<\/p>\n<\/div>\n<\/div><\/section>\n","protected":false},"excerpt":{"rendered":"","protected":false},"author":1,"featured_media":0,"parent":0,"menu_order":0,"comment_status":"closed","ping_status":"closed","template":"","meta":{"_themeisle_gutenberg_block_has_review":false,"footnotes":""},"class_list":["post-991","page","type-page","status-publish","hentry"],"_links":{"self":[{"href":"https:\/\/kbostermelo.hu\/index.php?rest_route=\/wp\/v2\/pages\/991","targetHints":{"allow":["GET"]}}],"collection":[{"href":"https:\/\/kbostermelo.hu\/index.php?rest_route=\/wp\/v2\/pages"}],"about":[{"href":"https:\/\/kbostermelo.hu\/index.php?rest_route=\/wp\/v2\/types\/page"}],"author":[{"embeddable":true,"href":"https:\/\/kbostermelo.hu\/index.php?rest_route=\/wp\/v2\/users\/1"}],"replies":[{"embeddable":true,"href":"https:\/\/kbostermelo.hu\/index.php?rest_route=%2Fwp%2Fv2%2Fcomments&post=991"}],"version-history":[{"count":25,"href":"https:\/\/kbostermelo.hu\/index.php?rest_route=\/wp\/v2\/pages\/991\/revisions"}],"predecessor-version":[{"id":1244,"href":"https:\/\/kbostermelo.hu\/index.php?rest_route=\/wp\/v2\/pages\/991\/revisions\/1244"}],"wp:attachment":[{"href":"https:\/\/kbostermelo.hu\/index.php?rest_route=%2Fwp%2Fv2%2Fmedia&parent=991"}],"curies":[{"name":"wp","href":"https:\/\/api.w.org\/{rel}","templated":true}]}}